{"id":2112,"date":"2025-02-01T13:41:45","date_gmt":"2025-02-01T13:41:45","guid":{"rendered":"https:\/\/roselinapuglisi.com\/?page_id=2112"},"modified":"2026-03-23T15:39:03","modified_gmt":"2026-03-23T15:39:03","slug":"formations-en-entreprise","status":"publish","type":"page","link":"https:\/\/roselinapuglisi.com\/?page_id=2112","title":{"rendered":"Formations en entreprise"},"content":{"rendered":"\n<hr class=\"wp-block-separator has-alpha-channel-opacity\"\/>\n\n\n\n<h2 class=\"wp-block-heading\"><strong><strong>Formations en gestion du stress et communication interpersonnelle<\/strong><\/strong><\/h2>\n\n\n\n<p>Le bien-\u00eatre au travail est un levier essentiel pour am\u00e9liorer la productivit\u00e9 et la motivation des \u00e9quipes. <\/p>\n\n\n\n<p>Stress, conflits et manque d\u2019engagement peuvent impacter n\u00e9gativement la dynamique d\u2019une entreprise.<\/p>\n\n\n\n<p><font _mstmutation=\"1\" _msttexthash=\"13778960\" _msthash=\"786\">Je <font _mstmutation=\"1\" _msttexthash=\"13778960\" _msthash=\"786\">propose <\/font>des <strong _mstmutation=\"1\" _istranslated=\"1\">formations et ateliers sur-mesure<\/strong>, adapt\u00e9s aux besoins sp\u00e9cifiques de votre organisation, pour favoriser un climat de travail apais\u00e9 et performant. <\/font><\/p>\n\n\n\n<div class=\"wp-block-uagb-image uagb-block-11d79b2d wp-block-uagb-image--layout-default wp-block-uagb-image--effect-static wp-block-uagb-image--align-none\"><figure class=\"wp-block-uagb-image__figure\"><img decoding=\"async\" srcset=\"https:\/\/roselinapuglisi.com\/wp-content\/uploads\/2025\/02\/people-2557396_1280-1024x682.jpg ,https:\/\/roselinapuglisi.com\/wp-content\/uploads\/2025\/02\/people-2557396_1280.jpg 780w, https:\/\/roselinapuglisi.com\/wp-content\/uploads\/2025\/02\/people-2557396_1280.jpg 360w\" sizes=\"auto, (max-width: 480px) 150px\" src=\"https:\/\/roselinapuglisi.com\/wp-content\/uploads\/2025\/02\/people-2557396_1280-1024x682.jpg\" alt=\"\" class=\"uag-image-2167\" width=\"1024\" height=\"682\" title=\"people-2557396_1280\" loading=\"lazy\" role=\"img\"\/><\/figure><\/div>\n\n\n\n<p><\/p>\n\n\n\n<h2 class=\"wp-block-heading\"><strong><font _mstmutation=\"1\" _msttexthash=\"1173406\" _msthash=\"785\">Une approche bas\u00e9e sur la p\u00e9dagogie active <\/font><\/strong><\/h2>\n\n\n\n<p>Gr\u00e2ce \u00e0 une approche dynamique et participative, chaque session alterne <strong>apports th\u00e9oriques, exercices pratiques et mises en situation<\/strong> pour une assimilation efficace et imm\u00e9diate des outils. <\/p>\n\n\n\n<p>Mon objectif : rendre chaque participant <strong>acteur de son apprentissage<\/strong>, dans un cadre bienveillant et stimulant.<\/p>\n\n\n\n<h3 class=\"wp-block-heading\"><strong>Des th\u00e9matiques adapt\u00e9es \u00e0 vos besoins<\/strong><\/h3>\n\n\n\n<ul class=\"wp-block-list\">\n<li><strong>Gestion du stress et pr\u00e9vention du burnout<\/strong> : techniques simples et efficaces pour retrouver s\u00e9r\u00e9nit\u00e9 et \u00e9nergie.<\/li>\n\n\n\n<li><strong>D\u00e9veloppement de l\u2019intelligence \u00e9motionnelle<\/strong> : mieux comprendre et r\u00e9guler ses \u00e9motions pour une meilleure collaboration.<\/li>\n\n\n\n<li><strong>Gestion des conflits et communication assertive<\/strong> : apprendre \u00e0 d\u00e9samorcer les tensions et \u00e0 instaurer un dialogue constructif.<\/li>\n\n\n\n<li><strong>Motivation et engagement<\/strong> : retrouver du sens et de la motivation dans son travail.<\/li>\n\n\n\n<li><strong>Accompagnement au changement et r\u00e9silience<\/strong> : surmonter les transitions avec confiance et adaptabilit\u00e9.<\/li>\n<\/ul>\n\n\n\n<div class=\"wp-block-uagb-image uagb-block-a53aca93 wp-block-uagb-image--layout-default wp-block-uagb-image--effect-static wp-block-uagb-image--align-none\"><figure class=\"wp-block-uagb-image__figure\"><img decoding=\"async\" srcset=\"https:\/\/roselinapuglisi.com\/wp-content\/uploads\/2025\/02\/man-5261170_1280-1024x682.jpg ,https:\/\/roselinapuglisi.com\/wp-content\/uploads\/2025\/02\/man-5261170_1280.jpg 780w, https:\/\/roselinapuglisi.com\/wp-content\/uploads\/2025\/02\/man-5261170_1280.jpg 360w\" sizes=\"auto, (max-width: 480px) 150px\" src=\"https:\/\/roselinapuglisi.com\/wp-content\/uploads\/2025\/02\/man-5261170_1280-1024x682.jpg\" alt=\"\" class=\"uag-image-2168\" width=\"1024\" height=\"682\" title=\"man-5261170_1280\" loading=\"lazy\" role=\"img\"\/><\/figure><\/div>\n\n\n\n<p><\/p>\n\n\n\n<h2 class=\"wp-block-heading\"><strong>Pourquoi choisir mes interventions ?<\/strong><\/h2>\n\n\n\n<ul class=\"wp-block-list\">\n<li><strong>Des m\u00e9thodes \u00e9prouv\u00e9es<\/strong> issues de la sophrologie dynamique et du coaching professionnel.<\/li>\n\n\n\n<li><strong>Une approche ludique et immersive<\/strong> pour favoriser l\u2019ancrage des apprentissages.<\/li>\n\n\n\n<li><strong>Un accompagnement personnalis\u00e9<\/strong> adapt\u00e9 aux sp\u00e9cificit\u00e9s de votre entreprise.<\/li>\n\n\n\n<li><strong>Des r\u00e9sultats concrets<\/strong> : am\u00e9lioration de la gestion du stress, renforcement du bien-\u00eatre au travail et fluidification des relations interpersonnelles.<\/li>\n<\/ul>\n\n\n\n<h2 class=\"wp-block-heading\"><strong>Discutons de votre projet !<\/strong><\/h2>\n\n\n\n<p>Chaque entreprise \u00e9tant unique, je vous propose une <strong>rencontre exploratoire gratuite<\/strong> pour analyser vos besoins et construire ensemble une offre adapt\u00e9e.<\/p>\n\n\n\n<p><strong>Contactez-moi <\/strong> au <strong>0494\/25 66 52<\/strong> pour toutes les infos tarifaires.<\/p>\n\n\n\n<p><\/p>\n\n\n\n<p><em _msthash=\"863\" _msttexthash=\"1267019\"><strong>Courriel<\/strong> : roselina.puglisi@gmail.com<\/em><\/p>\n\n\n\n<p><strong>Me suivre sur les r\u00e9seaux sociaux<\/strong><\/p>\n\n\n\n<ul class=\"wp-block-social-links is-style-logos-only is-layout-flex wp-block-social-links-is-layout-flex\"><li class=\"wp-social-link wp-social-link-facebook  wp-block-social-link\"><a href=\"https:\/\/www.facebook.com\/profile.php?id=61581690694381\" class=\"wp-block-social-link-anchor\"><svg width=\"24\" height=\"24\" viewBox=\"0 0 24 24\" version=\"1.1\" xmlns=\"http:\/\/www.w3.org\/2000\/svg\" aria-hidden=\"true\" focusable=\"false\"><path d=\"M12 2C6.5 2 2 6.5 2 12c0 5 3.7 9.1 8.4 9.9v-7H7.9V12h2.5V9.8c0-2.5 1.5-3.9 3.8-3.9 1.1 0 2.2.2 2.2.2v2.5h-1.3c-1.2 0-1.6.8-1.6 1.6V12h2.8l-.4 2.9h-2.3v7C18.3 21.1 22 17 22 12c0-5.5-4.5-10-10-10z\"><\/path><\/svg><span class=\"wp-block-social-link-label screen-reader-text\">Facebook<\/span><\/a><\/li>\n\n<li class=\"wp-social-link wp-social-link-linkedin  wp-block-social-link\"><a href=\"https:\/\/www.linkedin.com\/in\/roselina-puglisi-2678a7168\/\" class=\"wp-block-social-link-anchor\"><svg width=\"24\" height=\"24\" viewBox=\"0 0 24 24\" version=\"1.1\" xmlns=\"http:\/\/www.w3.org\/2000\/svg\" aria-hidden=\"true\" focusable=\"false\"><path d=\"M19.7,3H4.3C3.582,3,3,3.582,3,4.3v15.4C3,20.418,3.582,21,4.3,21h15.4c0.718,0,1.3-0.582,1.3-1.3V4.3 C21,3.582,20.418,3,19.7,3z M8.339,18.338H5.667v-8.59h2.672V18.338z M7.004,8.574c-0.857,0-1.549-0.694-1.549-1.548 c0-0.855,0.691-1.548,1.549-1.548c0.854,0,1.547,0.694,1.547,1.548C8.551,7.881,7.858,8.574,7.004,8.574z M18.339,18.338h-2.669 v-4.177c0-0.996-0.017-2.278-1.387-2.278c-1.389,0-1.601,1.086-1.601,2.206v4.249h-2.667v-8.59h2.559v1.174h0.037 c0.356-0.675,1.227-1.387,2.526-1.387c2.703,0,3.203,1.779,3.203,4.092V18.338z\"><\/path><\/svg><span class=\"wp-block-social-link-label screen-reader-text\">LinkedIn<\/span><\/a><\/li>\n\n<li class=\"wp-social-link wp-social-link-instagram  wp-block-social-link\"><a href=\"https:\/\/www.instagram.com\/roselinapuglisi\/\" class=\"wp-block-social-link-anchor\"><svg width=\"24\" height=\"24\" viewBox=\"0 0 24 24\" version=\"1.1\" xmlns=\"http:\/\/www.w3.org\/2000\/svg\" aria-hidden=\"true\" focusable=\"false\"><path d=\"M12,4.622c2.403,0,2.688,0.009,3.637,0.052c0.877,0.04,1.354,0.187,1.671,0.31c0.42,0.163,0.72,0.358,1.035,0.673 c0.315,0.315,0.51,0.615,0.673,1.035c0.123,0.317,0.27,0.794,0.31,1.671c0.043,0.949,0.052,1.234,0.052,3.637 s-0.009,2.688-0.052,3.637c-0.04,0.877-0.187,1.354-0.31,1.671c-0.163,0.42-0.358,0.72-0.673,1.035 c-0.315,0.315-0.615,0.51-1.035,0.673c-0.317,0.123-0.794,0.27-1.671,0.31c-0.949,0.043-1.233,0.052-3.637,0.052 s-2.688-0.009-3.637-0.052c-0.877-0.04-1.354-0.187-1.671-0.31c-0.42-0.163-0.72-0.358-1.035-0.673 c-0.315-0.315-0.51-0.615-0.673-1.035c-0.123-0.317-0.27-0.794-0.31-1.671C4.631,14.688,4.622,14.403,4.622,12 s0.009-2.688,0.052-3.637c0.04-0.877,0.187-1.354,0.31-1.671c0.163-0.42,0.358-0.72,0.673-1.035 c0.315-0.315,0.615-0.51,1.035-0.673c0.317-0.123,0.794-0.27,1.671-0.31C9.312,4.631,9.597,4.622,12,4.622 M12,3 C9.556,3,9.249,3.01,8.289,3.054C7.331,3.098,6.677,3.25,6.105,3.472C5.513,3.702,5.011,4.01,4.511,4.511 c-0.5,0.5-0.808,1.002-1.038,1.594C3.25,6.677,3.098,7.331,3.054,8.289C3.01,9.249,3,9.556,3,12c0,2.444,0.01,2.751,0.054,3.711 c0.044,0.958,0.196,1.612,0.418,2.185c0.23,0.592,0.538,1.094,1.038,1.594c0.5,0.5,1.002,0.808,1.594,1.038 c0.572,0.222,1.227,0.375,2.185,0.418C9.249,20.99,9.556,21,12,21s2.751-0.01,3.711-0.054c0.958-0.044,1.612-0.196,2.185-0.418 c0.592-0.23,1.094-0.538,1.594-1.038c0.5-0.5,0.808-1.002,1.038-1.594c0.222-0.572,0.375-1.227,0.418-2.185 C20.99,14.751,21,14.444,21,12s-0.01-2.751-0.054-3.711c-0.044-0.958-0.196-1.612-0.418-2.185c-0.23-0.592-0.538-1.094-1.038-1.594 c-0.5-0.5-1.002-0.808-1.594-1.038c-0.572-0.222-1.227-0.375-2.185-0.418C14.751,3.01,14.444,3,12,3L12,3z M12,7.378 c-2.552,0-4.622,2.069-4.622,4.622S9.448,16.622,12,16.622s4.622-2.069,4.622-4.622S14.552,7.378,12,7.378z M12,15 c-1.657,0-3-1.343-3-3s1.343-3,3-3s3,1.343,3,3S13.657,15,12,15z M16.804,6.116c-0.596,0-1.08,0.484-1.08,1.08 s0.484,1.08,1.08,1.08c0.596,0,1.08-0.484,1.08-1.08S17.401,6.116,16.804,6.116z\"><\/path><\/svg><span class=\"wp-block-social-link-label screen-reader-text\">Instagram<\/span><\/a><\/li><\/ul>\n\n\n\n<p><\/p>\n","protected":false},"excerpt":{"rendered":"<p>Formations en gestion du stress et communication interpersonnelle Le bien-\u00eatre au travail est un levier essentiel pour am\u00e9liorer la productivit\u00e9 et la motivation des \u00e9quipes. Stress, conflits et manque d\u2019engagement peuvent impacter n\u00e9gativement la dynamique d\u2019une entreprise. Je propose des formations et ateliers sur-mesure, adapt\u00e9s aux besoins sp\u00e9cifiques de votre organisation, pour favoriser un climat&#8230;<\/p>\n","protected":false},"author":1,"featured_media":0,"parent":0,"menu_order":0,"comment_status":"closed","ping_status":"closed","template":"","meta":{"om_disable_all_campaigns":false,"_uag_custom_page_level_css":"","_monsterinsights_skip_tracking":false,"_monsterinsights_sitenote_active":false,"_monsterinsights_sitenote_note":"","_monsterinsights_sitenote_category":0,"footnotes":""},"class_list":["post-2112","page","type-page","status-publish","hentry"],"aioseo_notices":[],"uagb_featured_image_src":{"full":false,"thumbnail":false,"medium":false,"medium_large":false,"large":false,"1536x1536":false,"2048x2048":false,"post-thumbnail":false,"personalblogily-grid":false,"personalblogily-slider":false,"personalblogily-small":false,"mailpoet_newsletter_max":false},"uagb_author_info":{"display_name":"roselina.puglisi@gmail.com","author_link":"https:\/\/roselinapuglisi.com\/?author=1"},"uagb_comment_info":0,"uagb_excerpt":"Formations en gestion du stress et communication interpersonnelle Le bien-\u00eatre au travail est un levier essentiel pour am\u00e9liorer la productivit\u00e9 et la motivation des \u00e9quipes. Stress, conflits et manque d\u2019engagement peuvent impacter n\u00e9gativement la dynamique d\u2019une entreprise. Je propose des formations et ateliers sur-mesure, adapt\u00e9s aux besoins sp\u00e9cifiques de votre organisation, pour favoriser un climat...","jetpack_sharing_enabled":true,"_links":{"self":[{"href":"https:\/\/roselinapuglisi.com\/index.php?rest_route=\/wp\/v2\/pages\/2112","targetHints":{"allow":["GET"]}}],"collection":[{"href":"https:\/\/roselinapuglisi.com\/index.php?rest_route=\/wp\/v2\/pages"}],"about":[{"href":"https:\/\/roselinapuglisi.com\/index.php?rest_route=\/wp\/v2\/types\/page"}],"author":[{"embeddable":true,"href":"https:\/\/roselinapuglisi.com\/index.php?rest_route=\/wp\/v2\/users\/1"}],"replies":[{"embeddable":true,"href":"https:\/\/roselinapuglisi.com\/index.php?rest_route=%2Fwp%2Fv2%2Fcomments&post=2112"}],"version-history":[{"count":21,"href":"https:\/\/roselinapuglisi.com\/index.php?rest_route=\/wp\/v2\/pages\/2112\/revisions"}],"predecessor-version":[{"id":3294,"href":"https:\/\/roselinapuglisi.com\/index.php?rest_route=\/wp\/v2\/pages\/2112\/revisions\/3294"}],"wp:attachment":[{"href":"https:\/\/roselinapuglisi.com\/index.php?rest_route=%2Fwp%2Fv2%2Fmedia&parent=2112"}],"curies":[{"name":"wp","href":"https:\/\/api.w.org\/{rel}","templated":true}]}}