{"id":3325,"date":"2026-03-23T16:32:35","date_gmt":"2026-03-23T16:32:35","guid":{"rendered":"https:\/\/roselinapuglisi.com\/?page_id=3325"},"modified":"2026-04-12T11:28:11","modified_gmt":"2026-04-12T11:28:11","slug":"burnout-a-liege","status":"publish","type":"page","link":"https:\/\/roselinapuglisi.com\/?page_id=3325","title":{"rendered":"Burnout \u00e0 Li\u00e8ge : retrouver \u00e9nergie et \u00e9quilibre"},"content":{"rendered":"\n<p>Si vous traversez une p\u00e9riode d\u2019\u00e9puisement professionnel \u00e0 Li\u00e8ge, il peut \u00eatre difficile de retrouver de l\u2019\u00e9nergie et de la clart\u00e9.<\/p>\n\n\n\n<p><\/p>\n\n\n\n<p>Le burnout ne survient pas du jour au lendemain. Il s\u2019installe souvent progressivement :<\/p>\n\n\n\n<p>\u2022 fatigue persistante<br>\u2022 perte de motivation<br>\u2022 difficult\u00e9s \u00e0 r\u00e9cup\u00e9rer<br>\u2022 surcharge \u00e9motionnelle<\/p>\n\n\n\n<p>Un accompagnement peut vous aider \u00e0 <strong>apaiser le syst\u00e8me nerveux et retrouver un \u00e9quilibre plus stable.<\/strong><\/p>\n\n\n\n<hr class=\"wp-block-separator has-alpha-channel-opacity\"\/>\n\n\n\n<h3 class=\"wp-block-heading\">Mon accompagnement pour le burnout \u00e0 Li\u00e8ge<\/h3>\n\n\n\n<p>Je suis <strong>sophrologue et coach \u00e0 Li\u00e8ge<\/strong>, sp\u00e9cialis\u00e9e dans l\u2019accompagnement des femmes en p\u00e9riode de transition et d\u2019\u00e9puisement professionnel.<\/p>\n\n\n\n<p>Mon approche associe :<\/p>\n\n\n\n<p>\u2022 sophrologie pour apaiser le corps et le stress<br>\u2022 coaching pour clarifier les changements n\u00e9cessaires<\/p>\n\n\n\n<hr class=\"wp-block-separator has-alpha-channel-opacity\"\/>\n\n\n\n<h3 class=\"wp-block-heading\">Comment se d\u00e9roule l\u2019accompagnement<\/h3>\n\n\n\n<p>Les s\u00e9ances permettent progressivement de :<\/p>\n\n\n\n<p>\u2713 calmer le mental<br>\u2713 retrouver de l\u2019\u00e9nergie<br>\u2713 comprendre les causes de l\u2019\u00e9puisement<br>\u2713 reconstruire un \u00e9quilibre durable.<\/p>\n\n\n\n<hr class=\"wp-block-separator has-alpha-channel-opacity\"\/>\n\n\n\n<h3 class=\"wp-block-heading\">Premi\u00e8re \u00e9tape<\/h3>\n\n\n\n<p><\/p>\n\n\n\n<div class=\"wp-block-buttons is-content-justification-center is-layout-flex wp-container-core-buttons-is-layout-16018d1d wp-block-buttons-is-layout-flex\">\n<div class=\"wp-block-button\"><a class=\"wp-block-button__link wp-element-button\" href=\"https:\/\/calendly.com\/roselina-puglisi\/appel-decouverte-reconnexion-nouvel-elan-clone\">\ud83d\udc49 <strong>R\u00e9server un appel d\u00e9couverte<\/strong><\/a><\/div>\n<\/div>\n\n\n\n<p><\/p>\n\n\n\n<h3 class=\"wp-block-heading\">Informations pratiques<\/h3>\n\n\n\n<p class=\"has-medium-font-size\">S\u00e9ances en pr\u00e9sentiel \u00e0&nbsp;<strong>Montegn\u00e9e (Li\u00e8ge)<\/strong><br>ou&nbsp;<strong>en ligne<\/strong><\/p>\n\n\n\n<p><strong>Suivez-moi sur les r\u00e9seaux sociau<\/strong>x<\/p>\n\n\n\n<ul class=\"wp-block-list\">\n<li><a href=\"https:\/\/www.facebook.com\/profile.php?id=61581690694381\">Facebook<\/a><\/li>\n\n\n\n<li><a href=\"https:\/\/www.instagram.com\/roselinapuglisi\/\">Instagram<\/a><\/li>\n\n\n\n<li><a href=\"https:\/\/www.linkedin.com\/in\/roselina-puglisi-2678a7168\/\">LinkedIn<\/a><\/li>\n<\/ul>\n\n\n\n<p><strong>Email :<\/strong> roselina.puglisi@gmail.com<\/p>\n\n\n\n<p>\u00a9 2026 Roselina Puglisi \u2013 Sophrologue &amp; Coach<\/p>\n\n\n\n<p><\/p>\n","protected":false},"excerpt":{"rendered":"<p>Si vous traversez une p\u00e9riode d\u2019\u00e9puisement professionnel \u00e0 Li\u00e8ge, il peut \u00eatre difficile de retrouver de l\u2019\u00e9nergie et de la clart\u00e9. Le burnout ne survient pas du jour au lendemain. Il s\u2019installe souvent progressivement : \u2022 fatigue persistante\u2022 perte de motivation\u2022 difficult\u00e9s \u00e0 r\u00e9cup\u00e9rer\u2022 surcharge \u00e9motionnelle Un accompagnement peut vous aider \u00e0 apaiser le syst\u00e8me&#8230;<\/p>\n","protected":false},"author":1,"featured_media":0,"parent":0,"menu_order":0,"comment_status":"closed","ping_status":"closed","template":"","meta":{"om_disable_all_campaigns":false,"_uag_custom_page_level_css":"","_monsterinsights_skip_tracking":false,"_monsterinsights_sitenote_active":false,"_monsterinsights_sitenote_note":"","_monsterinsights_sitenote_category":0,"footnotes":""},"class_list":["post-3325","page","type-page","status-publish","hentry"],"aioseo_notices":[],"uagb_featured_image_src":{"full":false,"thumbnail":false,"medium":false,"medium_large":false,"large":false,"1536x1536":false,"2048x2048":false,"post-thumbnail":false,"personalblogily-grid":false,"personalblogily-slider":false,"personalblogily-small":false,"mailpoet_newsletter_max":false},"uagb_author_info":{"display_name":"roselina.puglisi@gmail.com","author_link":"https:\/\/roselinapuglisi.com\/?author=1"},"uagb_comment_info":0,"uagb_excerpt":"Si vous traversez une p\u00e9riode d\u2019\u00e9puisement professionnel \u00e0 Li\u00e8ge, il peut \u00eatre difficile de retrouver de l\u2019\u00e9nergie et de la clart\u00e9. Le burnout ne survient pas du jour au lendemain. Il s\u2019installe souvent progressivement : \u2022 fatigue persistante\u2022 perte de motivation\u2022 difficult\u00e9s \u00e0 r\u00e9cup\u00e9rer\u2022 surcharge \u00e9motionnelle Un accompagnement peut vous aider \u00e0 apaiser le syst\u00e8me...","jetpack_sharing_enabled":true,"_links":{"self":[{"href":"https:\/\/roselinapuglisi.com\/index.php?rest_route=\/wp\/v2\/pages\/3325","targetHints":{"allow":["GET"]}}],"collection":[{"href":"https:\/\/roselinapuglisi.com\/index.php?rest_route=\/wp\/v2\/pages"}],"about":[{"href":"https:\/\/roselinapuglisi.com\/index.php?rest_route=\/wp\/v2\/types\/page"}],"author":[{"embeddable":true,"href":"https:\/\/roselinapuglisi.com\/index.php?rest_route=\/wp\/v2\/users\/1"}],"replies":[{"embeddable":true,"href":"https:\/\/roselinapuglisi.com\/index.php?rest_route=%2Fwp%2Fv2%2Fcomments&post=3325"}],"version-history":[{"count":6,"href":"https:\/\/roselinapuglisi.com\/index.php?rest_route=\/wp\/v2\/pages\/3325\/revisions"}],"predecessor-version":[{"id":3379,"href":"https:\/\/roselinapuglisi.com\/index.php?rest_route=\/wp\/v2\/pages\/3325\/revisions\/3379"}],"wp:attachment":[{"href":"https:\/\/roselinapuglisi.com\/index.php?rest_route=%2Fwp%2Fv2%2Fmedia&parent=3325"}],"curies":[{"name":"wp","href":"https:\/\/api.w.org\/{rel}","templated":true}]}}