{"id":3328,"date":"2026-03-23T16:35:13","date_gmt":"2026-03-23T16:35:13","guid":{"rendered":"https:\/\/roselinapuglisi.com\/?page_id=3328"},"modified":"2026-04-12T11:30:40","modified_gmt":"2026-04-12T11:30:40","slug":"traverser-une-transition-de-vie-a-liege","status":"publish","type":"page","link":"https:\/\/roselinapuglisi.com\/?page_id=3328","title":{"rendered":"Traverser une transition de vie \u00e0 Li\u00e8ge"},"content":{"rendered":"\n<p>Certaines p\u00e9riodes de vie nous invitent \u00e0 ralentir et \u00e0 nous r\u00e9orienter.<\/p>\n\n\n\n<p><\/p>\n\n\n\n<p>S\u00e9paration.<br>R\u00e9orientation professionnelle.<br>Perte de rep\u00e8res.<\/p>\n\n\n\n<p>Ces transitions peuvent \u00eatre d\u00e9stabilisantes mais aussi ouvrir un espace de transformation.<\/p>\n\n\n\n<hr class=\"wp-block-separator has-alpha-channel-opacity\"\/>\n\n\n\n<h3 class=\"wp-block-heading\">Accompagnement des femmes en transition \u00e0 Li\u00e8ge<\/h3>\n\n\n\n<p>J\u2019accompagne les femmes de 30 \u00e0 55 ans \u00e0 Li\u00e8ge qui traversent :<\/p>\n\n\n\n<p>\u2022 une transition personnelle<br>\u2022 un questionnement professionnel<br>\u2022 une perte de sens<br>\u2022 un besoin de r\u00e9alignement.<\/p>\n\n\n\n<hr class=\"wp-block-separator has-alpha-channel-opacity\"\/>\n\n\n\n<h3 class=\"wp-block-heading\">Objectif de l\u2019accompagnement<\/h3>\n\n\n\n<p>Retrouver :<\/p>\n\n\n\n<p>\u2713 clart\u00e9<br>\u2713 stabilit\u00e9 int\u00e9rieure<br>\u2713 direction plus align\u00e9e.<\/p>\n\n\n\n<hr class=\"wp-block-separator has-alpha-channel-opacity\"\/>\n\n\n\n<h3 class=\"wp-block-heading\">Premier \u00e9change<\/h3>\n\n\n\n<p><\/p>\n\n\n\n<div class=\"wp-block-buttons is-content-justification-center is-layout-flex wp-container-core-buttons-is-layout-16018d1d wp-block-buttons-is-layout-flex\">\n<div class=\"wp-block-button\"><a class=\"wp-block-button__link wp-element-button\" href=\"https:\/\/calendly.com\/roselina-puglisi\/appel-decouverte-reconnexion-nouvel-elan-clone\">\ud83d\udc49 <strong>R\u00e9server un appel d\u00e9couverte<\/strong><\/a><\/div>\n<\/div>\n\n\n\n<p><\/p>\n\n\n\n<h3 class=\"wp-block-heading\">Informations pratiques<\/h3>\n\n\n\n<p class=\"has-medium-font-size\">S\u00e9ances en pr\u00e9sentiel \u00e0&nbsp;<strong>Montegn\u00e9e (Li\u00e8ge)<\/strong><br>ou&nbsp;<strong>en ligne<\/strong><\/p>\n\n\n\n<p><strong>Suivez-moi sur les r\u00e9seaux sociau<\/strong>x<\/p>\n\n\n\n<ul class=\"wp-block-list\">\n<li><a href=\"https:\/\/www.facebook.com\/profile.php?id=61581690694381\">Facebook<\/a><\/li>\n\n\n\n<li><a href=\"https:\/\/www.instagram.com\/roselinapuglisi\/\">Instagram<\/a><\/li>\n\n\n\n<li><a href=\"https:\/\/www.linkedin.com\/in\/roselina-puglisi-2678a7168\/\">LinkedIn<\/a><\/li>\n<\/ul>\n\n\n\n<p><strong>Email :<\/strong> roselina.puglisi@gmail.com<\/p>\n\n\n\n<p>\u00a9 2026 Roselina Puglisi \u2013 Sophrologue &amp; Coach<\/p>\n","protected":false},"excerpt":{"rendered":"<p>Certaines p\u00e9riodes de vie nous invitent \u00e0 ralentir et \u00e0 nous r\u00e9orienter. S\u00e9paration.R\u00e9orientation professionnelle.Perte de rep\u00e8res. Ces transitions peuvent \u00eatre d\u00e9stabilisantes mais aussi ouvrir un espace de transformation. Accompagnement des femmes en transition \u00e0 Li\u00e8ge J\u2019accompagne les femmes de 30 \u00e0 55 ans \u00e0 Li\u00e8ge qui traversent : \u2022 une transition personnelle\u2022 un questionnement professionnel\u2022&#8230;<\/p>\n","protected":false},"author":1,"featured_media":0,"parent":0,"menu_order":0,"comment_status":"closed","ping_status":"closed","template":"","meta":{"om_disable_all_campaigns":false,"_uag_custom_page_level_css":"","_monsterinsights_skip_tracking":false,"_monsterinsights_sitenote_active":false,"_monsterinsights_sitenote_note":"","_monsterinsights_sitenote_category":0,"footnotes":""},"class_list":["post-3328","page","type-page","status-publish","hentry"],"aioseo_notices":[],"uagb_featured_image_src":{"full":false,"thumbnail":false,"medium":false,"medium_large":false,"large":false,"1536x1536":false,"2048x2048":false,"post-thumbnail":false,"personalblogily-grid":false,"personalblogily-slider":false,"personalblogily-small":false,"mailpoet_newsletter_max":false},"uagb_author_info":{"display_name":"roselina.puglisi@gmail.com","author_link":"https:\/\/roselinapuglisi.com\/?author=1"},"uagb_comment_info":0,"uagb_excerpt":"Certaines p\u00e9riodes de vie nous invitent \u00e0 ralentir et \u00e0 nous r\u00e9orienter. S\u00e9paration.R\u00e9orientation professionnelle.Perte de rep\u00e8res. Ces transitions peuvent \u00eatre d\u00e9stabilisantes mais aussi ouvrir un espace de transformation. Accompagnement des femmes en transition \u00e0 Li\u00e8ge J\u2019accompagne les femmes de 30 \u00e0 55 ans \u00e0 Li\u00e8ge qui traversent : \u2022 une transition personnelle\u2022 un questionnement professionnel\u2022...","jetpack_sharing_enabled":true,"_links":{"self":[{"href":"https:\/\/roselinapuglisi.com\/index.php?rest_route=\/wp\/v2\/pages\/3328","targetHints":{"allow":["GET"]}}],"collection":[{"href":"https:\/\/roselinapuglisi.com\/index.php?rest_route=\/wp\/v2\/pages"}],"about":[{"href":"https:\/\/roselinapuglisi.com\/index.php?rest_route=\/wp\/v2\/types\/page"}],"author":[{"embeddable":true,"href":"https:\/\/roselinapuglisi.com\/index.php?rest_route=\/wp\/v2\/users\/1"}],"replies":[{"embeddable":true,"href":"https:\/\/roselinapuglisi.com\/index.php?rest_route=%2Fwp%2Fv2%2Fcomments&post=3328"}],"version-history":[{"count":3,"href":"https:\/\/roselinapuglisi.com\/index.php?rest_route=\/wp\/v2\/pages\/3328\/revisions"}],"predecessor-version":[{"id":3381,"href":"https:\/\/roselinapuglisi.com\/index.php?rest_route=\/wp\/v2\/pages\/3328\/revisions\/3381"}],"wp:attachment":[{"href":"https:\/\/roselinapuglisi.com\/index.php?rest_route=%2Fwp%2Fv2%2Fmedia&parent=3328"}],"curies":[{"name":"wp","href":"https:\/\/api.w.org\/{rel}","templated":true}]}}