{"id":3331,"date":"2026-03-23T16:38:36","date_gmt":"2026-03-23T16:38:36","guid":{"rendered":"https:\/\/roselinapuglisi.com\/?page_id=3331"},"modified":"2026-04-12T11:28:58","modified_gmt":"2026-04-12T11:28:58","slug":"epuisement-professionnel-accompagnement-a-liege","status":"publish","type":"page","link":"https:\/\/roselinapuglisi.com\/?page_id=3331","title":{"rendered":"\u00c9puisement professionnel : accompagnement \u00e0 Li\u00e8ge"},"content":{"rendered":"\n<p>L\u2019\u00e9puisement professionnel touche de nombreuses personnes engag\u00e9es dans leur travail.<\/p>\n\n\n\n<p>Il peut se manifester par :<\/p>\n\n\n\n<p>\u2022 fatigue chronique<br>\u2022 troubles du sommeil<br>\u2022 perte de sens<br>\u2022 hypersensibilit\u00e9 \u00e9motionnelle.<\/p>\n\n\n\n<hr class=\"wp-block-separator has-alpha-channel-opacity\"\/>\n\n\n\n<h3 class=\"wp-block-heading\">Comment la sophrologie peut aider<\/h3>\n\n\n\n<p>La sophrologie permet de :<\/p>\n\n\n\n<p>\u2713 apaiser le syst\u00e8me nerveux<br>\u2713 retrouver un rythme plus \u00e9quilibr\u00e9<br>\u2713 rel\u00e2cher les tensions accumul\u00e9es.<\/p>\n\n\n\n<hr class=\"wp-block-separator has-alpha-channel-opacity\"\/>\n\n\n\n<h3 class=\"wp-block-heading\">Un accompagnement progressif<\/h3>\n\n\n\n<p>L\u2019objectif est de retrouver :<\/p>\n\n\n\n<p>\u2022 de l\u2019\u00e9nergie<br>\u2022 un ancrage int\u00e9rieur<br>\u2022 une relation plus saine au travail.<\/p>\n\n\n\n<hr class=\"wp-block-separator has-alpha-channel-opacity\"\/>\n\n\n\n<h3 class=\"wp-block-heading\">Premi\u00e8re \u00e9tape<\/h3>\n\n\n\n<p><\/p>\n\n\n\n<div class=\"wp-block-buttons is-content-justification-center is-layout-flex wp-container-core-buttons-is-layout-16018d1d wp-block-buttons-is-layout-flex\">\n<div class=\"wp-block-button\"><a class=\"wp-block-button__link wp-element-button\" href=\"https:\/\/calendly.com\/roselina-puglisi\/appel-decouverte-reconnexion-nouvel-elan-clone\">\ud83d\udc49 <strong>R\u00e9server un appel d\u00e9couverte<\/strong><\/a><\/div>\n<\/div>\n\n\n\n<p><\/p>\n\n\n\n<h3 class=\"wp-block-heading\">Informations pratiques<\/h3>\n\n\n\n<p class=\"has-medium-font-size\">S\u00e9ances en pr\u00e9sentiel \u00e0&nbsp;<strong>Montegn\u00e9e (Li\u00e8ge)<\/strong><br>ou&nbsp;<strong>en ligne<\/strong><\/p>\n\n\n\n<p><strong>Suivez-moi sur les r\u00e9seaux sociau<\/strong>x<\/p>\n\n\n\n<ul class=\"wp-block-list\">\n<li><a href=\"https:\/\/www.facebook.com\/profile.php?id=61581690694381\">Facebook<\/a><\/li>\n\n\n\n<li><a href=\"https:\/\/www.instagram.com\/roselinapuglisi\/\">Instagram<\/a><\/li>\n\n\n\n<li><a href=\"https:\/\/www.linkedin.com\/in\/roselina-puglisi-2678a7168\/\">LinkedIn<\/a><\/li>\n<\/ul>\n\n\n\n<p><strong>Email :<\/strong> roselina.puglisi@gmail.com<\/p>\n\n\n\n<p>\u00a9 2026 Roselina Puglisi \u2013 Sophrologue &amp; Coach<\/p>\n","protected":false},"excerpt":{"rendered":"<p>L\u2019\u00e9puisement professionnel touche de nombreuses personnes engag\u00e9es dans leur travail. Il peut se manifester par : \u2022 fatigue chronique\u2022 troubles du sommeil\u2022 perte de sens\u2022 hypersensibilit\u00e9 \u00e9motionnelle. Comment la sophrologie peut aider La sophrologie permet de : \u2713 apaiser le syst\u00e8me nerveux\u2713 retrouver un rythme plus \u00e9quilibr\u00e9\u2713 rel\u00e2cher les tensions accumul\u00e9es. Un accompagnement progressif L\u2019objectif&#8230;<\/p>\n","protected":false},"author":1,"featured_media":0,"parent":0,"menu_order":0,"comment_status":"closed","ping_status":"closed","template":"","meta":{"om_disable_all_campaigns":false,"_uag_custom_page_level_css":"","_monsterinsights_skip_tracking":false,"_monsterinsights_sitenote_active":false,"_monsterinsights_sitenote_note":"","_monsterinsights_sitenote_category":0,"footnotes":""},"class_list":["post-3331","page","type-page","status-publish","hentry"],"aioseo_notices":[],"uagb_featured_image_src":{"full":false,"thumbnail":false,"medium":false,"medium_large":false,"large":false,"1536x1536":false,"2048x2048":false,"post-thumbnail":false,"personalblogily-grid":false,"personalblogily-slider":false,"personalblogily-small":false,"mailpoet_newsletter_max":false},"uagb_author_info":{"display_name":"roselina.puglisi@gmail.com","author_link":"https:\/\/roselinapuglisi.com\/?author=1"},"uagb_comment_info":0,"uagb_excerpt":"L\u2019\u00e9puisement professionnel touche de nombreuses personnes engag\u00e9es dans leur travail. Il peut se manifester par : \u2022 fatigue chronique\u2022 troubles du sommeil\u2022 perte de sens\u2022 hypersensibilit\u00e9 \u00e9motionnelle. Comment la sophrologie peut aider La sophrologie permet de : \u2713 apaiser le syst\u00e8me nerveux\u2713 retrouver un rythme plus \u00e9quilibr\u00e9\u2713 rel\u00e2cher les tensions accumul\u00e9es. Un accompagnement progressif L\u2019objectif...","jetpack_sharing_enabled":true,"_links":{"self":[{"href":"https:\/\/roselinapuglisi.com\/index.php?rest_route=\/wp\/v2\/pages\/3331","targetHints":{"allow":["GET"]}}],"collection":[{"href":"https:\/\/roselinapuglisi.com\/index.php?rest_route=\/wp\/v2\/pages"}],"about":[{"href":"https:\/\/roselinapuglisi.com\/index.php?rest_route=\/wp\/v2\/types\/page"}],"author":[{"embeddable":true,"href":"https:\/\/roselinapuglisi.com\/index.php?rest_route=\/wp\/v2\/users\/1"}],"replies":[{"embeddable":true,"href":"https:\/\/roselinapuglisi.com\/index.php?rest_route=%2Fwp%2Fv2%2Fcomments&post=3331"}],"version-history":[{"count":3,"href":"https:\/\/roselinapuglisi.com\/index.php?rest_route=\/wp\/v2\/pages\/3331\/revisions"}],"predecessor-version":[{"id":3380,"href":"https:\/\/roselinapuglisi.com\/index.php?rest_route=\/wp\/v2\/pages\/3331\/revisions\/3380"}],"wp:attachment":[{"href":"https:\/\/roselinapuglisi.com\/index.php?rest_route=%2Fwp%2Fv2%2Fmedia&parent=3331"}],"curies":[{"name":"wp","href":"https:\/\/api.w.org\/{rel}","templated":true}]}}